{"id":64,"date":"2024-04-16T16:24:49","date_gmt":"2024-04-16T20:24:49","guid":{"rendered":"https:\/\/cerogradorefrigeracion.cl\/?page_id=64"},"modified":"2024-05-31T10:35:55","modified_gmt":"2024-05-31T14:35:55","slug":"nosotros","status":"publish","type":"page","link":"https:\/\/cerogradorefrigeracion.cl\/?page_id=64","title":{"rendered":"Nosotros"},"content":{"rendered":"<p>[et_pb_section fb_built=\u00bb1&#8243; admin_label=\u00bbHeader\u00bb _builder_version=\u00bb4.24.0&#8243; _module_preset=\u00bbdefault\u00bb background_image=\u00bbhttps:\/\/cerogradorefrigeracion.cl\/wp-content\/uploads\/2024\/04\/online-university-18.jpg\u00bb custom_padding=\u00bb8vw||0px||false|false\u00bb collapsed=\u00bbon\u00bb global_colors_info=\u00bb{}\u00bb][et_pb_row custom_padding_last_edited=\u00bbon|desktop\u00bb _builder_version=\u00bb4.24.0&#8243; _module_preset=\u00bbdefault\u00bb background_color=\u00bb#0C71C3&#8243; custom_padding=\u00bb60px|2px|60px|0px|true|false\u00bb custom_padding_tablet=\u00bb30px|30px|30px|60px|true|false\u00bb custom_padding_phone=\u00bb20px|20px|20px|40px|true|false\u00bb border_radii=\u00bboff|30px|30px||\u00bb global_colors_info=\u00bb{}\u00bb][et_pb_column type=\u00bb4_4&#8243; _builder_version=\u00bb4.22.1&#8243; _module_preset=\u00bbdefault\u00bb global_colors_info=\u00bb{}\u00bb][et_pb_text _builder_version=\u00bb4.24.0&#8243; _module_preset=\u00bb9a549c7e-02b8-4591-bc54-05b01d40e894&#8243; header_text_color=\u00bb#FFFFFF\u00bb background_color=\u00bbRGBA(255,255,255,0)\u00bb text_orientation=\u00bbcenter\u00bb global_colors_info=\u00bb{}\u00bb]<\/p>\n<h1>Nosotros<\/h1>\n<p>[\/et_pb_text][\/et_pb_column][\/et_pb_row][\/et_pb_section][et_pb_section fb_built=\u00bb1&#8243; _builder_version=\u00bb4.24.0&#8243; _module_preset=\u00bbdefault\u00bb custom_padding=\u00bb||6px|||\u00bb global_colors_info=\u00bb{}\u00bb][et_pb_row _builder_version=\u00bb4.24.0&#8243; _module_preset=\u00bbdefault\u00bb global_colors_info=\u00bb{}\u00bb][et_pb_column type=\u00bb4_4&#8243; _builder_version=\u00bb4.19.1&#8243; _module_preset=\u00bbdefault\u00bb global_colors_info=\u00bb{}\u00bb][et_pb_text _builder_version=\u00bb4.24.0&#8243; _module_preset=\u00bb7f31f15c-68b7-47ed-bb9d-e70596e6ecaa\u00bb header_font_size=\u00bb36px\u00bb text_orientation=\u00bbcenter\u00bb global_colors_info=\u00bb{}\u00bb]<\/p>\n<h1><strong>Nuestra historia<\/strong><\/h1>\n<p>[\/et_pb_text][et_pb_text _builder_version=\u00bb4.24.0&#8243; _module_preset=\u00bb03065250-0228-4555-8100-f6d7f54c0013&#8243; text_font=\u00bbPoppins||||||||\u00bb custom_padding=\u00bb||0px|||\u00bb global_colors_info=\u00bb{}\u00bb]<\/p>\n<p>Bienvenidos a Cero Grado, tu aliado confiable en el mundo de la refrigeraci\u00f3n en Santiago. Nos enorgullece ofrecer una amplia gama de repuestos y productos de refrigeraci\u00f3n, respaldados por nuestra experiencia y conocimientos en el sector. Ya sea que necesites soluciones para tu hogar o para tu negocio, nuestro equipo especializado est\u00e1 listo para ayudarte.<\/p>\n<p>Ubicados en <strong>Tenderini #44<\/strong> y <strong>Tenderini #14<\/strong>, Santiago, nos hemos convertido en l\u00edderes en el mercado de la refrigeraci\u00f3n en la zona. Nuestra trayectoria nos ha permitido establecer relaciones s\u00f3lidas con proveedores confiables, lo que nos permite ofrecer productos de alta calidad a precios competitivos.<\/p>\n<p>En Cero Grado, entendemos la importancia de contar con un sistema de refrigeraci\u00f3n eficiente y confiable. Es por eso que nos esforzamos por ofrecerte las mejores opciones en repuestos y productos de refrigeraci\u00f3n. Ya sea que necesites piezas de repuesto para tu refrigerador dom\u00e9stico o equipos de refrigeraci\u00f3n industrial de \u00faltima generaci\u00f3n, tenemos lo que necesitas.<\/p>\n<p>[\/et_pb_text][\/et_pb_column][\/et_pb_row][et_pb_row column_structure=\u00bb1_2,1_2&#8243; _builder_version=\u00bb4.24.0&#8243; _module_preset=\u00bbdefault\u00bb global_colors_info=\u00bb{}\u00bb][et_pb_column type=\u00bb1_2&#8243; _builder_version=\u00bb4.24.0&#8243; _module_preset=\u00bbdefault\u00bb global_colors_info=\u00bb{}\u00bb][et_pb_text _builder_version=\u00bb4.25.1&#8243; _module_preset=\u00bbdefault\u00bb text_font=\u00bbPoppins||||||||\u00bb text_font_size=\u00bb16px\u00bb custom_padding=\u00bb51px||0px||false|false\u00bb hover_enabled=\u00bb0&#8243; global_colors_info=\u00bb{}\u00bb custom_padding_last_edited=\u00bbon|desktop\u00bb sticky_enabled=\u00bb0&#8243; custom_padding_tablet=\u00bb51px||0px||false|false\u00bb custom_padding_phone=\u00bb51px||0px||false|false\u00bb]<\/p>\n<p>Nuestro equipo de expertos est\u00e1 siempre a tu disposici\u00f3n para brindarte asesoramiento personalizado. Comprendemos que cada situaci\u00f3n es \u00fanica y requerir\u00e1 soluciones espec\u00edficas. Ya sea que necesites ayuda para seleccionar el equipo adecuado, instalarlo correctamente o solucionar problemas con tu sistema actual, estamos aqu\u00ed para ayudarte.<\/p>\n<p>En Cero Grado, nos enorgullece ofrecer productos y servicios de alta calidad. Nuestros productos son cuidadosamente seleccionados para garantizar su durabilidad y rendimiento. Trabajamos con marcas reconocidas en la industria de la refrigeraci\u00f3n, lo que nos permite brindarte opciones confiables y de calidad.<\/p>\n<p>[\/et_pb_text][\/et_pb_column][et_pb_column type=\u00bb1_2&#8243; _builder_version=\u00bb4.24.0&#8243; _module_preset=\u00bbdefault\u00bb global_colors_info=\u00bb{}\u00bb][et_pb_image src=\u00bbhttps:\/\/cerogradorefrigeracion.cl\/wp-content\/uploads\/2024\/05\/LOCAL-44.jpeg\u00bb title_text=\u00bbLOCAL 44&#8243; _builder_version=\u00bb4.25.1&#8243; _module_preset=\u00bbdefault\u00bb hover_enabled=\u00bb0&#8243; global_colors_info=\u00bb{}\u00bb width=\u00bb54%\u00bb module_alignment=\u00bbcenter\u00bb sticky_enabled=\u00bb0&#8243;][\/et_pb_image][\/et_pb_column][\/et_pb_row][et_pb_row column_structure=\u00bb1_2,1_2&#8243; _builder_version=\u00bb4.24.0&#8243; _module_preset=\u00bbdefault\u00bb global_colors_info=\u00bb{}\u00bb][et_pb_column type=\u00bb1_2&#8243; _builder_version=\u00bb4.24.0&#8243; _module_preset=\u00bbdefault\u00bb global_colors_info=\u00bb{}\u00bb][et_pb_image src=\u00bbhttps:\/\/cerogradorefrigeracion.cl\/wp-content\/uploads\/2024\/04\/pinterestdownloader.com-1713305800.24911.jpg\u00bb title_text=\u00bbpinterestdownloader.com-1713305800.24911&#8243; align=\u00bbcenter\u00bb _builder_version=\u00bb4.24.0&#8243; _module_preset=\u00bbdefault\u00bb global_colors_info=\u00bb{}\u00bb][\/et_pb_image][\/et_pb_column][et_pb_column type=\u00bb1_2&#8243; _builder_version=\u00bb4.24.0&#8243; _module_preset=\u00bbdefault\u00bb global_colors_info=\u00bb{}\u00bb][et_pb_text _builder_version=\u00bb4.24.0&#8243; _module_preset=\u00bbdefault\u00bb text_font=\u00bbPoppins||||||||\u00bb text_font_size=\u00bb16px\u00bb custom_padding=\u00bb||0px|||\u00bb global_colors_info=\u00bb{}\u00bb]<\/p>\n<p>Adem\u00e1s de nuestra amplia gama de productos, tambi\u00e9n ofrecemos servicios de mantenimiento y reparaci\u00f3n. Sabemos que un sistema de refrigeraci\u00f3n en buen estado es esencial para tu comodidad y para el funcionamiento de tu negocio. Nuestro equipo de t\u00e9cnicos capacitados puede ayudarte a mantener tu equipo en \u00f3ptimas condiciones y solucionar cualquier problema que pueda surgir.<\/p>\n<p>En Cero Grado, nos apasiona brindarte soluciones confiables y de calidad para todas tus necesidades de refrigeraci\u00f3n. Nuestro compromiso con la satisfacci\u00f3n del cliente nos ha convertido en el aliado preferido de muchos en Santiago. Vis\u00edtanos en nuestras ubicaciones en Tenderini #44 y Tenderini #14, Santiago, y descubre la diferencia que nos hace l\u00edderes en el sector de la refrigeraci\u00f3n.<\/p>\n<p>[\/et_pb_text][\/et_pb_column][\/et_pb_row][et_pb_row _builder_version=\u00bb4.24.0&#8243; _module_preset=\u00bbdefault\u00bb global_colors_info=\u00bb{}\u00bb][et_pb_column type=\u00bb4_4&#8243; _builder_version=\u00bb4.24.0&#8243; _module_preset=\u00bbdefault\u00bb global_colors_info=\u00bb{}\u00bb][et_pb_text _builder_version=\u00bb4.24.0&#8243; _module_preset=\u00bbdefault\u00bb text_font=\u00bbPoppins||||||||\u00bb text_font_size=\u00bb16px\u00bb text_orientation=\u00bbcenter\u00bb custom_padding=\u00bb||0px|||\u00bb global_colors_info=\u00bb{}\u00bb]<\/p>\n<p>Conf\u00eda en Cero Grado para todas tus necesidades de refrigeraci\u00f3n. Estamos aqu\u00ed para ayudarte a mantener tus alimentos frescos, tus bebidas fr\u00edas y tus equipos en perfecto estado. Cont\u00e1ctanos hoy mismo y perm\u00edtenos ser tu aliado confiable en el mundo de la refrigeraci\u00f3n en Santiago.<\/p>\n<p>[\/et_pb_text][\/et_pb_column][\/et_pb_row][\/et_pb_section]<\/p>\n","protected":false},"excerpt":{"rendered":"<p>NosotrosNuestra historiaBienvenidos a Cero Grado, tu aliado confiable en el mundo de la refrigeraci\u00f3n en Santiago. Nos enorgullece ofrecer una amplia gama de repuestos y productos de refrigeraci\u00f3n, respaldados por nuestra experiencia y conocimientos en el sector. Ya sea que necesites soluciones para tu hogar o para tu negocio, nuestro equipo especializado est\u00e1 listo para [&hellip;]<\/p>\n","protected":false},"author":1,"featured_media":0,"parent":0,"menu_order":0,"comment_status":"closed","ping_status":"closed","template":"","meta":{"_et_pb_use_builder":"on","_et_pb_old_content":"<!-- wp:divi\/placeholder \/-->","_et_gb_content_width":"","jetpack_post_was_ever_published":false,"footnotes":""},"difl_page_category":[],"class_list":["post-64","page","type-page","status-publish","hentry"],"aioseo_notices":[],"jetpack_sharing_enabled":true,"_links":{"self":[{"href":"https:\/\/cerogradorefrigeracion.cl\/index.php?rest_route=\/wp\/v2\/pages\/64","targetHints":{"allow":["GET"]}}],"collection":[{"href":"https:\/\/cerogradorefrigeracion.cl\/index.php?rest_route=\/wp\/v2\/pages"}],"about":[{"href":"https:\/\/cerogradorefrigeracion.cl\/index.php?rest_route=\/wp\/v2\/types\/page"}],"author":[{"embeddable":true,"href":"https:\/\/cerogradorefrigeracion.cl\/index.php?rest_route=\/wp\/v2\/users\/1"}],"replies":[{"embeddable":true,"href":"https:\/\/cerogradorefrigeracion.cl\/index.php?rest_route=%2Fwp%2Fv2%2Fcomments&post=64"}],"version-history":[{"count":11,"href":"https:\/\/cerogradorefrigeracion.cl\/index.php?rest_route=\/wp\/v2\/pages\/64\/revisions"}],"predecessor-version":[{"id":248491,"href":"https:\/\/cerogradorefrigeracion.cl\/index.php?rest_route=\/wp\/v2\/pages\/64\/revisions\/248491"}],"wp:attachment":[{"href":"https:\/\/cerogradorefrigeracion.cl\/index.php?rest_route=%2Fwp%2Fv2%2Fmedia&parent=64"}],"wp:term":[{"taxonomy":"difl_page_category","embeddable":true,"href":"https:\/\/cerogradorefrigeracion.cl\/index.php?rest_route=%2Fwp%2Fv2%2Fdifl_page_category&post=64"}],"curies":[{"name":"wp","href":"https:\/\/api.w.org\/{rel}","templated":true}]}}