{"id":547,"date":"2024-05-26T18:29:03","date_gmt":"2024-05-26T22:29:03","guid":{"rendered":"https:\/\/cerogradorefrigeracion.cl\/?post_type=product&#038;p=547"},"modified":"2025-09-25T12:35:37","modified_gmt":"2025-09-25T15:35:37","slug":"arbol-de-carga-r410-manifold","status":"publish","type":"product","link":"https:\/\/cerogradorefrigeracion.cl\/?product=arbol-de-carga-r410-manifold","title":{"rendered":"Arbol de Carga R410 (Manifold)"},"content":{"rendered":"<p>Manifold de gas para refrigeraci\u00f3n y aire acondicionado. Manifold para refrigeracion y aire acondicionado. Puedes buscar este producto como: \u00c1rbol de carga refrigeraci\u00f3n, \u00c1rbol de carga aire acondicionado manifold para aire acondicionado.<\/p>\n","protected":false},"excerpt":{"rendered":"<p>Arbol de Carga R410 y otros<\/p>\n","protected":false},"featured_media":223,"comment_status":"closed","ping_status":"closed","template":"","meta":{"_et_pb_use_builder":"","_et_pb_old_content":"","_et_gb_content_width":"","jetpack_post_was_ever_published":false},"product_brand":[],"product_cat":[22],"product_tag":[32,23,33],"class_list":{"0":"post-547","1":"product","2":"type-product","3":"status-publish","4":"has-post-thumbnail","6":"product_cat-herramientas-e-insumos-refrigeracion","7":"product_tag-arbol-de-carga","8":"product_tag-herramientas-e-insumos-refrigeracion","9":"product_tag-manifold","11":"first","12":"instock","13":"taxable","14":"shipping-taxable","15":"purchasable","16":"product-type-simple"},"aioseo_notices":[],"jetpack_sharing_enabled":true,"_links":{"self":[{"href":"https:\/\/cerogradorefrigeracion.cl\/index.php?rest_route=\/wp\/v2\/product\/547","targetHints":{"allow":["GET"]}}],"collection":[{"href":"https:\/\/cerogradorefrigeracion.cl\/index.php?rest_route=\/wp\/v2\/product"}],"about":[{"href":"https:\/\/cerogradorefrigeracion.cl\/index.php?rest_route=\/wp\/v2\/types\/product"}],"replies":[{"embeddable":true,"href":"https:\/\/cerogradorefrigeracion.cl\/index.php?rest_route=%2Fwp%2Fv2%2Fcomments&post=547"}],"wp:featuredmedia":[{"embeddable":true,"href":"https:\/\/cerogradorefrigeracion.cl\/index.php?rest_route=\/wp\/v2\/media\/223"}],"wp:attachment":[{"href":"https:\/\/cerogradorefrigeracion.cl\/index.php?rest_route=%2Fwp%2Fv2%2Fmedia&parent=547"}],"wp:term":[{"taxonomy":"product_brand","embeddable":true,"href":"https:\/\/cerogradorefrigeracion.cl\/index.php?rest_route=%2Fwp%2Fv2%2Fproduct_brand&post=547"},{"taxonomy":"product_cat","embeddable":true,"href":"https:\/\/cerogradorefrigeracion.cl\/index.php?rest_route=%2Fwp%2Fv2%2Fproduct_cat&post=547"},{"taxonomy":"product_tag","embeddable":true,"href":"https:\/\/cerogradorefrigeracion.cl\/index.php?rest_route=%2Fwp%2Fv2%2Fproduct_tag&post=547"}],"curies":[{"name":"wp","href":"https:\/\/api.w.org\/{rel}","templated":true}]}}