{"id":600,"date":"2024-05-26T18:29:46","date_gmt":"2024-05-26T22:29:46","guid":{"rendered":"https:\/\/cerogradorefrigeracion.cl\/?post_type=product&#038;p=600"},"modified":"2024-12-13T12:28:48","modified_gmt":"2024-12-13T15:28:48","slug":"llave-para-refrigerantes-individuales","status":"publish","type":"product","link":"https:\/\/cerogradorefrigeracion.cl\/?product=llave-para-refrigerantes-individuales","title":{"rendered":"Llave para refrigerantes individuales"},"content":{"rendered":"<p>Llave o v\u00e1lvula para refrigerante en lata cuya rosca sea de 1\/4 para R22,R134, 1234YF y R600, esta compuesta por Aluminio aleaci\u00f3n rosca M14\/F1\/2 adaptador R-134a refrigerante botella grifo bistur\u00ed v\u00e1lvula,material: Aleaci\u00f3n de aluminio Color: Oro Interfaz de: M14, F1\/2 hilo Longitud: 6cmx3.5cm Peso: 40g <\/p>\n","protected":false},"excerpt":{"rendered":"<p>Llave para refrigerantes individuales<\/p>\n","protected":false},"featured_media":279,"comment_status":"closed","ping_status":"closed","template":"","meta":{"_et_pb_use_builder":"","_et_pb_old_content":"","_et_gb_content_width":"","jetpack_post_was_ever_published":false},"product_brand":[],"product_cat":[22],"product_tag":[23,73,74],"class_list":{"0":"post-600","1":"product","2":"type-product","3":"status-publish","4":"has-post-thumbnail","6":"product_cat-herramientas-e-insumos-refrigeracion","7":"product_tag-herramientas-e-insumos-refrigeracion","8":"product_tag-llave","9":"product_tag-refrigerante","11":"first","12":"instock","13":"taxable","14":"shipping-taxable","15":"purchasable","16":"product-type-simple"},"aioseo_notices":[],"jetpack_sharing_enabled":true,"_links":{"self":[{"href":"https:\/\/cerogradorefrigeracion.cl\/index.php?rest_route=\/wp\/v2\/product\/600","targetHints":{"allow":["GET"]}}],"collection":[{"href":"https:\/\/cerogradorefrigeracion.cl\/index.php?rest_route=\/wp\/v2\/product"}],"about":[{"href":"https:\/\/cerogradorefrigeracion.cl\/index.php?rest_route=\/wp\/v2\/types\/product"}],"replies":[{"embeddable":true,"href":"https:\/\/cerogradorefrigeracion.cl\/index.php?rest_route=%2Fwp%2Fv2%2Fcomments&post=600"}],"wp:featuredmedia":[{"embeddable":true,"href":"https:\/\/cerogradorefrigeracion.cl\/index.php?rest_route=\/wp\/v2\/media\/279"}],"wp:attachment":[{"href":"https:\/\/cerogradorefrigeracion.cl\/index.php?rest_route=%2Fwp%2Fv2%2Fmedia&parent=600"}],"wp:term":[{"taxonomy":"product_brand","embeddable":true,"href":"https:\/\/cerogradorefrigeracion.cl\/index.php?rest_route=%2Fwp%2Fv2%2Fproduct_brand&post=600"},{"taxonomy":"product_cat","embeddable":true,"href":"https:\/\/cerogradorefrigeracion.cl\/index.php?rest_route=%2Fwp%2Fv2%2Fproduct_cat&post=600"},{"taxonomy":"product_tag","embeddable":true,"href":"https:\/\/cerogradorefrigeracion.cl\/index.php?rest_route=%2Fwp%2Fv2%2Fproduct_tag&post=600"}],"curies":[{"name":"wp","href":"https:\/\/api.w.org\/{rel}","templated":true}]}}