{"id":625,"date":"2024-05-26T18:29:47","date_gmt":"2024-05-26T22:29:47","guid":{"rendered":"https:\/\/cerogradorefrigeracion.cl\/?post_type=product&#038;p=625"},"modified":"2024-05-26T18:38:02","modified_gmt":"2024-05-26T22:38:02","slug":"refrigerante-r141b-de-1kg","status":"publish","type":"product","link":"https:\/\/cerogradorefrigeracion.cl\/?product=refrigerante-r141b-de-1kg","title":{"rendered":"Refrigerante R141B de 1KG"},"content":{"rendered":"<p>Gas Refrigerante R141b es una opci\u00f3n que se tiene para la limpieza de cualquier sistema de refrigeraci\u00f3n, ya que permite la eliminaci\u00f3n de contaminantes al disolver el aceite y la enlodadura que se generan cuando el compresor sufre una quemadura. Tiene alta densidad que permite arrastrar fuera del sistema las part\u00edculas de carb\u00f3n y aceite. Tiene baja tensi\u00f3n superficial que le permite penetrar por las grietas y levantar costras de carb\u00f3n y enlodadura originadas por la quemadura del compresor.<br \/>\nRese\u00f1as de Clie<\/p>\n","protected":false},"excerpt":{"rendered":"<p>Refrigerante R141B de 1KG<\/p>\n","protected":false},"featured_media":308,"comment_status":"closed","ping_status":"closed","template":"","meta":{"_et_pb_use_builder":"","_et_pb_old_content":"","_et_gb_content_width":"","jetpack_post_was_ever_published":false},"product_brand":[],"product_cat":[87],"product_tag":[90,74,88],"class_list":{"0":"post-625","1":"product","2":"type-product","3":"status-publish","4":"has-post-thumbnail","6":"product_cat-refrigerantes-y-aceites","7":"product_tag-r141b","8":"product_tag-refrigerante","9":"product_tag-refrigerantes-y-aceites","11":"first","12":"instock","13":"taxable","14":"shipping-taxable","15":"purchasable","16":"product-type-simple"},"aioseo_notices":[],"jetpack_sharing_enabled":true,"_links":{"self":[{"href":"https:\/\/cerogradorefrigeracion.cl\/index.php?rest_route=\/wp\/v2\/product\/625","targetHints":{"allow":["GET"]}}],"collection":[{"href":"https:\/\/cerogradorefrigeracion.cl\/index.php?rest_route=\/wp\/v2\/product"}],"about":[{"href":"https:\/\/cerogradorefrigeracion.cl\/index.php?rest_route=\/wp\/v2\/types\/product"}],"replies":[{"embeddable":true,"href":"https:\/\/cerogradorefrigeracion.cl\/index.php?rest_route=%2Fwp%2Fv2%2Fcomments&post=625"}],"wp:featuredmedia":[{"embeddable":true,"href":"https:\/\/cerogradorefrigeracion.cl\/index.php?rest_route=\/wp\/v2\/media\/308"}],"wp:attachment":[{"href":"https:\/\/cerogradorefrigeracion.cl\/index.php?rest_route=%2Fwp%2Fv2%2Fmedia&parent=625"}],"wp:term":[{"taxonomy":"product_brand","embeddable":true,"href":"https:\/\/cerogradorefrigeracion.cl\/index.php?rest_route=%2Fwp%2Fv2%2Fproduct_brand&post=625"},{"taxonomy":"product_cat","embeddable":true,"href":"https:\/\/cerogradorefrigeracion.cl\/index.php?rest_route=%2Fwp%2Fv2%2Fproduct_cat&post=625"},{"taxonomy":"product_tag","embeddable":true,"href":"https:\/\/cerogradorefrigeracion.cl\/index.php?rest_route=%2Fwp%2Fv2%2Fproduct_tag&post=625"}],"curies":[{"name":"wp","href":"https:\/\/api.w.org\/{rel}","templated":true}]}}