{"id":629,"date":"2024-05-26T18:30:07","date_gmt":"2024-05-26T22:30:07","guid":{"rendered":"https:\/\/cerogradorefrigeracion.cl\/?post_type=product&#038;p=629"},"modified":"2024-12-13T12:29:51","modified_gmt":"2024-12-13T15:29:51","slug":"refrigerante-r407","status":"publish","type":"product","link":"https:\/\/cerogradorefrigeracion.cl\/?product=refrigerante-r407","title":{"rendered":"Refrigerante R407"},"content":{"rendered":"<p>Formato 11.3Kilos . Aplicaciones:<\/p>\n<p>Sistemas de aire acondicionado comercial y dom\u00e9stico en general. Unidades Rooftop. Enfriadoras. Equipos de conservaci\u00f3n de supermercados. Almacenamiento de Alimentos. C\u00e1maras frigor\u00edficas. Transporte frigor\u00edfico.<\/p>\n<p>\u00b7 No da\u00f1a la capa de ozono, ODP = 0.<\/p>\n<p>\u00b7 Precisa el cambio de aceite mineral o alquilbenc\u00e9nico por aceite sint\u00e9tico POE.<\/p>\n<p>\u00b7 Permiten mantener los equipos existentes.<\/p>\n<p>\u00b7 En caso de fuga, vaciar y realizar una carga completa nueva.<\/p>\n<p>\u00b7 Temperaturas de descargas inferiores al R-22, lo que prolonga la vida del compresor.<\/p>\n","protected":false},"excerpt":{"rendered":"<p>Refrigerante R407<\/p>\n","protected":false},"featured_media":311,"comment_status":"closed","ping_status":"closed","template":"","meta":{"_et_pb_use_builder":"","_et_pb_old_content":"","_et_gb_content_width":"","jetpack_post_was_ever_published":false},"product_brand":[],"product_cat":[87],"product_tag":[94,74,88],"class_list":{"0":"post-629","1":"product","2":"type-product","3":"status-publish","4":"has-post-thumbnail","6":"product_cat-refrigerantes-y-aceites","7":"product_tag-r407","8":"product_tag-refrigerante","9":"product_tag-refrigerantes-y-aceites","11":"first","12":"instock","13":"taxable","14":"shipping-taxable","15":"purchasable","16":"product-type-simple"},"aioseo_notices":[],"jetpack_sharing_enabled":true,"_links":{"self":[{"href":"https:\/\/cerogradorefrigeracion.cl\/index.php?rest_route=\/wp\/v2\/product\/629","targetHints":{"allow":["GET"]}}],"collection":[{"href":"https:\/\/cerogradorefrigeracion.cl\/index.php?rest_route=\/wp\/v2\/product"}],"about":[{"href":"https:\/\/cerogradorefrigeracion.cl\/index.php?rest_route=\/wp\/v2\/types\/product"}],"replies":[{"embeddable":true,"href":"https:\/\/cerogradorefrigeracion.cl\/index.php?rest_route=%2Fwp%2Fv2%2Fcomments&post=629"}],"wp:featuredmedia":[{"embeddable":true,"href":"https:\/\/cerogradorefrigeracion.cl\/index.php?rest_route=\/wp\/v2\/media\/311"}],"wp:attachment":[{"href":"https:\/\/cerogradorefrigeracion.cl\/index.php?rest_route=%2Fwp%2Fv2%2Fmedia&parent=629"}],"wp:term":[{"taxonomy":"product_brand","embeddable":true,"href":"https:\/\/cerogradorefrigeracion.cl\/index.php?rest_route=%2Fwp%2Fv2%2Fproduct_brand&post=629"},{"taxonomy":"product_cat","embeddable":true,"href":"https:\/\/cerogradorefrigeracion.cl\/index.php?rest_route=%2Fwp%2Fv2%2Fproduct_cat&post=629"},{"taxonomy":"product_tag","embeddable":true,"href":"https:\/\/cerogradorefrigeracion.cl\/index.php?rest_route=%2Fwp%2Fv2%2Fproduct_tag&post=629"}],"curies":[{"name":"wp","href":"https:\/\/api.w.org\/{rel}","templated":true}]}}