{"id":630,"date":"2024-05-26T18:30:07","date_gmt":"2024-05-26T22:30:07","guid":{"rendered":"https:\/\/cerogradorefrigeracion.cl\/?post_type=product&#038;p=630"},"modified":"2025-11-26T11:52:22","modified_gmt":"2025-11-26T14:52:22","slug":"refrigerante-r410","status":"publish","type":"product","link":"https:\/\/cerogradorefrigeracion.cl\/?product=refrigerante-r410","title":{"rendered":"Refrigerante R410"},"content":{"rendered":"<p>R410 &#8211; Formato de 800 gramos. Gas Refrigerante R410 A:<\/p>\n<p>El gas refrigerante R-410 A es una mezcla que contiene solo fl\u00faor, conocida por algunos t\u00e9cnicos que utilizan este producto como refrigerante de boro.<\/p>\n<p>Fue desarrollado en\u00e9rgicamente como un reemplazo permanente del R-22 para varias aplicaciones, pero no es adecuado para modernizar lo equipo ya existente que utilicen gas refrigerante el R-22.<\/p>\n<p>Como refrigerante completamente libre de cloro, se puede considerar como un refrigerante ecol\u00f3gico, como el refrigerante R-507 que no da\u00f1a la capa de ozono.<\/p>\n<p>Es un gas refrigerante que se aplica en peque\u00f1os electrodom\u00e9sticos de refrigeraci\u00f3n dom\u00e9sticos, comerciales e industriales.<\/p>\n<p>Es completamente incompatible con los aceites minerales y compatibles con los aceites sint\u00e9ticos de poli\u00e9ster.<\/p>\n<p>El principal objetivo de este producto es eliminar por completo el uso de todos los refrigerantes nocivos para el medio ambiente.<\/p>\n","protected":false},"excerpt":{"rendered":"<p>Refrigerante R410<\/p>\n","protected":false},"featured_media":248579,"comment_status":"closed","ping_status":"closed","template":"","meta":{"_et_pb_use_builder":"","_et_pb_old_content":"","_et_gb_content_width":"","jetpack_post_was_ever_published":false},"product_brand":[],"product_cat":[87],"product_tag":[28,74,88],"class_list":{"0":"post-630","1":"product","2":"type-product","3":"status-publish","4":"has-post-thumbnail","6":"product_cat-refrigerantes-y-aceites","7":"product_tag-r410","8":"product_tag-refrigerante","9":"product_tag-refrigerantes-y-aceites","11":"first","12":"instock","13":"taxable","14":"shipping-taxable","15":"purchasable","16":"product-type-simple"},"aioseo_notices":[],"jetpack_sharing_enabled":true,"_links":{"self":[{"href":"https:\/\/cerogradorefrigeracion.cl\/index.php?rest_route=\/wp\/v2\/product\/630","targetHints":{"allow":["GET"]}}],"collection":[{"href":"https:\/\/cerogradorefrigeracion.cl\/index.php?rest_route=\/wp\/v2\/product"}],"about":[{"href":"https:\/\/cerogradorefrigeracion.cl\/index.php?rest_route=\/wp\/v2\/types\/product"}],"replies":[{"embeddable":true,"href":"https:\/\/cerogradorefrigeracion.cl\/index.php?rest_route=%2Fwp%2Fv2%2Fcomments&post=630"}],"wp:featuredmedia":[{"embeddable":true,"href":"https:\/\/cerogradorefrigeracion.cl\/index.php?rest_route=\/wp\/v2\/media\/248579"}],"wp:attachment":[{"href":"https:\/\/cerogradorefrigeracion.cl\/index.php?rest_route=%2Fwp%2Fv2%2Fmedia&parent=630"}],"wp:term":[{"taxonomy":"product_brand","embeddable":true,"href":"https:\/\/cerogradorefrigeracion.cl\/index.php?rest_route=%2Fwp%2Fv2%2Fproduct_brand&post=630"},{"taxonomy":"product_cat","embeddable":true,"href":"https:\/\/cerogradorefrigeracion.cl\/index.php?rest_route=%2Fwp%2Fv2%2Fproduct_cat&post=630"},{"taxonomy":"product_tag","embeddable":true,"href":"https:\/\/cerogradorefrigeracion.cl\/index.php?rest_route=%2Fwp%2Fv2%2Fproduct_tag&post=630"}],"curies":[{"name":"wp","href":"https:\/\/api.w.org\/{rel}","templated":true}]}}