{"id":631,"date":"2024-05-26T18:30:07","date_gmt":"2024-05-26T22:30:07","guid":{"rendered":"https:\/\/cerogradorefrigeracion.cl\/?post_type=product&#038;p=631"},"modified":"2025-11-26T11:53:31","modified_gmt":"2025-11-26T14:53:31","slug":"refrigerante-r600","status":"publish","type":"product","link":"https:\/\/cerogradorefrigeracion.cl\/?product=refrigerante-r600","title":{"rendered":"Refrigerante R600"},"content":{"rendered":"<p>R600 &#8211; Formato de 400 gramos .El isobutano o R600a, es un hidrocarburo con una capacidad volum\u00e9trica inferior en un 50% al R12 o al R134a, por lo que no se puede considerar un sustituto de \u00e9stos. Es muy importante cuando se trabaja con refrigerantes del tipo hidrocarburos que estos sean de alta pureza, ya que cualquier proporci\u00f3n con otras impurezas, como sulfuros, agua, etc, pueden contribuir a la degradaci\u00f3n de los aceites lubricantes de la instalaci\u00f3n, rotura de compresores, etc.<\/p>\n","protected":false},"excerpt":{"rendered":"<p>Refrigerante R600 <\/p>\n","protected":false},"featured_media":314,"comment_status":"closed","ping_status":"closed","template":"","meta":{"_et_pb_use_builder":"","_et_pb_old_content":"","_et_gb_content_width":"","jetpack_post_was_ever_published":false},"product_brand":[],"product_cat":[87],"product_tag":[95,74,88],"class_list":{"0":"post-631","1":"product","2":"type-product","3":"status-publish","4":"has-post-thumbnail","6":"product_cat-refrigerantes-y-aceites","7":"product_tag-r600","8":"product_tag-refrigerante","9":"product_tag-refrigerantes-y-aceites","11":"first","12":"instock","13":"taxable","14":"shipping-taxable","15":"purchasable","16":"product-type-simple"},"aioseo_notices":[],"jetpack_sharing_enabled":true,"_links":{"self":[{"href":"https:\/\/cerogradorefrigeracion.cl\/index.php?rest_route=\/wp\/v2\/product\/631","targetHints":{"allow":["GET"]}}],"collection":[{"href":"https:\/\/cerogradorefrigeracion.cl\/index.php?rest_route=\/wp\/v2\/product"}],"about":[{"href":"https:\/\/cerogradorefrigeracion.cl\/index.php?rest_route=\/wp\/v2\/types\/product"}],"replies":[{"embeddable":true,"href":"https:\/\/cerogradorefrigeracion.cl\/index.php?rest_route=%2Fwp%2Fv2%2Fcomments&post=631"}],"wp:featuredmedia":[{"embeddable":true,"href":"https:\/\/cerogradorefrigeracion.cl\/index.php?rest_route=\/wp\/v2\/media\/314"}],"wp:attachment":[{"href":"https:\/\/cerogradorefrigeracion.cl\/index.php?rest_route=%2Fwp%2Fv2%2Fmedia&parent=631"}],"wp:term":[{"taxonomy":"product_brand","embeddable":true,"href":"https:\/\/cerogradorefrigeracion.cl\/index.php?rest_route=%2Fwp%2Fv2%2Fproduct_brand&post=631"},{"taxonomy":"product_cat","embeddable":true,"href":"https:\/\/cerogradorefrigeracion.cl\/index.php?rest_route=%2Fwp%2Fv2%2Fproduct_cat&post=631"},{"taxonomy":"product_tag","embeddable":true,"href":"https:\/\/cerogradorefrigeracion.cl\/index.php?rest_route=%2Fwp%2Fv2%2Fproduct_tag&post=631"}],"curies":[{"name":"wp","href":"https:\/\/api.w.org\/{rel}","templated":true}]}}