{"id":672,"date":"2024-05-26T18:30:28","date_gmt":"2024-05-26T22:30:28","guid":{"rendered":"https:\/\/cerogradorefrigeracion.cl\/?post_type=product&#038;p=672"},"modified":"2024-06-05T13:27:18","modified_gmt":"2024-06-05T17:27:18","slug":"ventilador-coaxial-5-w-incluye-base-y-aspa","status":"publish","type":"product","link":"https:\/\/cerogradorefrigeracion.cl\/?product=ventilador-coaxial-5-w-incluye-base-y-aspa","title":{"rendered":"Ventilador Coaxial 5 W (incluye base y aspa )"},"content":{"rendered":"<p>Ventilador Coaxial 5 W Alta calidad, duradero y de larga vida, alta velocidad y bajo consumo el\u00e9ctrico.<\/p>\n<p>Su instalaci\u00f3n y sustituci\u00f3n es f\u00e1cil, no requiere un especialista. Gracias a los diferentes tipos de anclajes permite su instalaci\u00f3n de una manera muy orientativa.<\/p>\n","protected":false},"excerpt":{"rendered":"<p>Ventilador Coaxial (incluye base y aspa )<\/p>\n","protected":false},"featured_media":357,"comment_status":"closed","ping_status":"closed","template":"","meta":{"_et_pb_use_builder":"","_et_pb_old_content":"","_et_gb_content_width":"","jetpack_post_was_ever_published":false},"product_brand":[],"product_cat":[25],"product_tag":[26,116],"class_list":{"0":"post-672","1":"product","2":"type-product","3":"status-publish","4":"has-post-thumbnail","6":"product_cat-repuestos-refrigeracion-y-aire-acondicionado","7":"product_tag-repuestos-refrigeracion-y-aire-acondicionado","8":"product_tag-ventilador","10":"first","11":"instock","12":"taxable","13":"shipping-taxable","14":"purchasable","15":"product-type-simple"},"aioseo_notices":[],"jetpack_sharing_enabled":true,"_links":{"self":[{"href":"https:\/\/cerogradorefrigeracion.cl\/index.php?rest_route=\/wp\/v2\/product\/672","targetHints":{"allow":["GET"]}}],"collection":[{"href":"https:\/\/cerogradorefrigeracion.cl\/index.php?rest_route=\/wp\/v2\/product"}],"about":[{"href":"https:\/\/cerogradorefrigeracion.cl\/index.php?rest_route=\/wp\/v2\/types\/product"}],"replies":[{"embeddable":true,"href":"https:\/\/cerogradorefrigeracion.cl\/index.php?rest_route=%2Fwp%2Fv2%2Fcomments&post=672"}],"wp:featuredmedia":[{"embeddable":true,"href":"https:\/\/cerogradorefrigeracion.cl\/index.php?rest_route=\/wp\/v2\/media\/357"}],"wp:attachment":[{"href":"https:\/\/cerogradorefrigeracion.cl\/index.php?rest_route=%2Fwp%2Fv2%2Fmedia&parent=672"}],"wp:term":[{"taxonomy":"product_brand","embeddable":true,"href":"https:\/\/cerogradorefrigeracion.cl\/index.php?rest_route=%2Fwp%2Fv2%2Fproduct_brand&post=672"},{"taxonomy":"product_cat","embeddable":true,"href":"https:\/\/cerogradorefrigeracion.cl\/index.php?rest_route=%2Fwp%2Fv2%2Fproduct_cat&post=672"},{"taxonomy":"product_tag","embeddable":true,"href":"https:\/\/cerogradorefrigeracion.cl\/index.php?rest_route=%2Fwp%2Fv2%2Fproduct_tag&post=672"}],"curies":[{"name":"wp","href":"https:\/\/api.w.org\/{rel}","templated":true}]}}